{"id":10,"date":"2016-12-20T13:08:18","date_gmt":"2016-12-20T12:08:18","guid":{"rendered":"http:\/\/billard-nouvelle-aquitaine.fr\/?page_id=10"},"modified":"2024-11-11T13:34:00","modified_gmt":"2024-11-11T12:34:00","slug":"page-10","status":"publish","type":"page","link":"https:\/\/billard-nouvelle-aquitaine.fr\/index.php\/page-10\/","title":{"rendered":"Mentions l\u00e9gales"},"content":{"rendered":"\n\n\n\n\n<p><strong>LIGUE DE BILLARD NOUVELLE-AQUITAINE<br><\/strong>Si\u00e8ge social :<br>maison r\u00e9gionale des sports<br>2, avenue de l&rsquo;universit\u00e9<br>33400 Talence.<br>RNA (R\u00e9pertoire National des Associations) : N\u00b0 r\u00e9c\u00e9piss\u00e9 en pr\u00e9fecture : W332020095<br>SIRET : 824 274 955 000 15<br>Siren : 824 274 95<\/p>\n","protected":false},"excerpt":{"rendered":"<p>LIGUE DE BILLARD NOUVELLE-AQUITAINESi\u00e8ge social :maison r\u00e9gionale des sports2, avenue de l&rsquo;universit\u00e933400 Talence.RNA (R\u00e9pertoire National des Associations) : N\u00b0 r\u00e9c\u00e9piss\u00e9 en pr\u00e9fecture : W332020095SIRET : 824 274 955 000 15Siren : 824 274 95<\/p>\n","protected":false},"author":1,"featured_media":0,"parent":0,"menu_order":0,"comment_status":"closed","ping_status":"closed","template":"","meta":{"footnotes":""},"categories":[],"tags":[],"class_list":["post-10","page","type-page","status-publish","hentry"],"_links":{"self":[{"href":"https:\/\/billard-nouvelle-aquitaine.fr\/index.php\/wp-json\/wp\/v2\/pages\/10"}],"collection":[{"href":"https:\/\/billard-nouvelle-aquitaine.fr\/index.php\/wp-json\/wp\/v2\/pages"}],"about":[{"href":"https:\/\/billard-nouvelle-aquitaine.fr\/index.php\/wp-json\/wp\/v2\/types\/page"}],"author":[{"embeddable":true,"href":"https:\/\/billard-nouvelle-aquitaine.fr\/index.php\/wp-json\/wp\/v2\/users\/1"}],"replies":[{"embeddable":true,"href":"https:\/\/billard-nouvelle-aquitaine.fr\/index.php\/wp-json\/wp\/v2\/comments?post=10"}],"version-history":[{"count":0,"href":"https:\/\/billard-nouvelle-aquitaine.fr\/index.php\/wp-json\/wp\/v2\/pages\/10\/revisions"}],"wp:attachment":[{"href":"https:\/\/billard-nouvelle-aquitaine.fr\/index.php\/wp-json\/wp\/v2\/media?parent=10"}],"wp:term":[{"taxonomy":"category","embeddable":true,"href":"https:\/\/billard-nouvelle-aquitaine.fr\/index.php\/wp-json\/wp\/v2\/categories?post=10"},{"taxonomy":"post_tag","embeddable":true,"href":"https:\/\/billard-nouvelle-aquitaine.fr\/index.php\/wp-json\/wp\/v2\/tags?post=10"}],"curies":[{"name":"wp","href":"https:\/\/api.w.org\/{rel}","templated":true}]}}