{"id":2,"date":"2016-11-16T12:45:14","date_gmt":"2016-11-16T11:45:14","guid":{"rendered":"http:\/\/billard-nouvelle-aquitaine.fr\/?page_id=22"},"modified":"2025-05-15T17:52:58","modified_gmt":"2025-05-15T15:52:58","slug":"decouverte-du-billard","status":"publish","type":"page","link":"https:\/\/billard-nouvelle-aquitaine.fr\/index.php\/","title":{"rendered":"d\u00e9couvrir le billard"},"content":{"rendered":"<p>Autour du billard, <b>vous passerez les moments de votre choix<\/b>, calmes ou anim\u00e9s, que ce soit pour <b>vous distraire<\/b> ou \u00e0 la <b>recherche de la performance<\/b>.<br \/>Le billard est un jeu \u00e9tonnant aux multiples facettes,<br \/>tout autant physique que c\u00e9r\u00e9bral.<\/p>\n<p>C\u2019est un sport qui est <strong>accessible \u00e0 toutes et tous et adapt\u00e9 au niveau de chacun<\/strong>, qui se pratique seul ou en groupe, en mode loisir ou en comp\u00e9tition.<br \/>Le billard est un savant <strong>m\u00e9lange d\u2019adresse et de strat\u00e9gie<\/strong>.<\/p>\n<p>Il y a 2 grandes familles de billard : le<strong> billard carambole<\/strong> et le <strong>billard \u00e0 poches<\/strong> qui comporte le blackball, le billard am\u00e9ricain et le snooker. Chaque jeu permet de vous d\u00e9tendre, de vous perfectionner et d\u2019\u00e9changer.<\/p>\n<p><a class=\"btn-01\" href=\"http:\/\/billard-nouvelle-aquitaine.fr\/decouvrir-le-billard\/\"> D\u00e9couvrir le billard et ses disciplines<\/a><\/p>\n\n\n<p><span style=\"color: #000000;\"><strong>Si vous souhaitez en savoir plus sur notre Ligue, allez <span style=\"background-color: #009bd9; color: #ffffff;\"><a style=\"text-decoration: none !important; color: #ffffff; background-color: #009bd9; padding: 3px;\" href=\"http:\/\/ligue.billard-nouvelle-aquitaine.fr\/\" target=\"_blank\" rel=\"noopener\">visiter notre site officiel.<\/a><\/span><\/strong><\/span><\/p>\n\n\n\n\n","protected":false},"excerpt":{"rendered":"<p>Autour du billard, vous passerez les moments de votre choix, calmes ou anim\u00e9s, que ce soit pour vous distraire ou \u00e0 la recherche de la performance.Le billard est un jeu \u00e9tonnant aux multiples facettes,tout autant physique que c\u00e9r\u00e9bral. C\u2019est un sport qui est accessible \u00e0 toutes et tous et adapt\u00e9 au niveau de chacun, qui &hellip; <\/p>\n<p class=\"link-more\"><a href=\"https:\/\/billard-nouvelle-aquitaine.fr\/index.php\/\" class=\"more-link\">Continuer la lecture<span class=\"screen-reader-text\"> de &laquo;&nbsp;d\u00e9couvrir le billard&nbsp;&raquo;<\/span><\/a><\/p>\n","protected":false},"author":1,"featured_media":29,"parent":0,"menu_order":0,"comment_status":"closed","ping_status":"closed","template":"","meta":{"footnotes":""},"categories":[],"tags":[],"class_list":["post-2","page","type-page","status-publish","has-post-thumbnail","hentry"],"_links":{"self":[{"href":"https:\/\/billard-nouvelle-aquitaine.fr\/index.php\/wp-json\/wp\/v2\/pages\/2"}],"collection":[{"href":"https:\/\/billard-nouvelle-aquitaine.fr\/index.php\/wp-json\/wp\/v2\/pages"}],"about":[{"href":"https:\/\/billard-nouvelle-aquitaine.fr\/index.php\/wp-json\/wp\/v2\/types\/page"}],"author":[{"embeddable":true,"href":"https:\/\/billard-nouvelle-aquitaine.fr\/index.php\/wp-json\/wp\/v2\/users\/1"}],"replies":[{"embeddable":true,"href":"https:\/\/billard-nouvelle-aquitaine.fr\/index.php\/wp-json\/wp\/v2\/comments?post=2"}],"version-history":[{"count":0,"href":"https:\/\/billard-nouvelle-aquitaine.fr\/index.php\/wp-json\/wp\/v2\/pages\/2\/revisions"}],"wp:featuredmedia":[{"embeddable":true,"href":"https:\/\/billard-nouvelle-aquitaine.fr\/index.php\/wp-json\/wp\/v2\/media\/29"}],"wp:attachment":[{"href":"https:\/\/billard-nouvelle-aquitaine.fr\/index.php\/wp-json\/wp\/v2\/media?parent=2"}],"wp:term":[{"taxonomy":"category","embeddable":true,"href":"https:\/\/billard-nouvelle-aquitaine.fr\/index.php\/wp-json\/wp\/v2\/categories?post=2"},{"taxonomy":"post_tag","embeddable":true,"href":"https:\/\/billard-nouvelle-aquitaine.fr\/index.php\/wp-json\/wp\/v2\/tags?post=2"}],"curies":[{"name":"wp","href":"https:\/\/api.w.org\/{rel}","templated":true}]}}