{"id":3,"date":"2016-12-20T13:05:55","date_gmt":"2016-12-20T12:05:55","guid":{"rendered":"http:\/\/billard-nouvelle-aquitaine.fr\/?page_id=3"},"modified":"2025-11-04T17:59:50","modified_gmt":"2025-11-04T16:59:50","slug":"decouvrir-le-billard","status":"publish","type":"page","link":"https:\/\/billard-nouvelle-aquitaine.fr\/index.php\/decouvrir-le-billard\/","title":{"rendered":"Fran\u00e7ais, Am\u00e9ricain ou Anglais, il y a forc\u00e9ment un billard qui vous correspond&#8230;"},"content":{"rendered":"<p>Il y a 2 grandes familles de billard : le billard carambole et le billard \u00e0 poches qui comporte 3 disciplines : le blackball, le billard am\u00e9ricain et le snooker.<\/p>\n<p><img loading=\"lazy\" decoding=\"async\" class=\"size-full wp-image-46\" src=\"http:\/\/billard-nouvelle-aquitaine.fr\/wp-content\/uploads\/2017\/01\/vignette_carambole.png\" alt=\"billard carambole en nouvelle Aquitaine\" width=\"140\" height=\"140\" srcset=\"https:\/\/billard-nouvelle-aquitaine.fr\/wp-content\/uploads\/2017\/01\/vignette_carambole.png 140w, https:\/\/billard-nouvelle-aquitaine.fr\/wp-content\/uploads\/2017\/01\/vignette_carambole-100x100.png 100w\" sizes=\"(max-width: 140px) 100vw, 140px\" \/><span style=\"font-size: 14pt;\"><strong><span style=\"font-size: 18pt;\"><br \/>Le billard carambole<\/span><span style=\"font-size: 10pt;\"><em><br \/><\/em><\/span><\/strong><span style=\"font-size: 10pt;\"><em><span style=\"font-size: 14pt;\">3 billes pour jouer et une seule r\u00e8gle : votre bille doit toucher les 2 autres<\/span><\/em><\/span><strong><span style=\"font-size: 10pt;\"><em><br \/><\/em><\/span><\/strong><\/span><\/p>\n<p>Le billard carambole, appel\u00e9 aussi billard Fran\u00e7ais, est un jeu d&rsquo;adresse qui se pratique en g\u00e9n\u00e9ral \u00e0 un ou deux joueurs. Il se joue avec 3 ou 4 billes et il faut faire entrer en contact sa bille de jeu avec deux autres. Quand cette condition est remplie, le joueur marque un point et continue \u00e0 jouer. Si il \u00e9choue, son adversaire prend la main. C&rsquo;est le joueur qui a marqu\u00e9 le plus de points \u00e0 la fin qui remporte la partie. Il existe 5 modes de jeu diff\u00e9rents au carambole.<\/p>\n<p><a class=\"btn-00\" href=\"https:\/\/billard-nouvelle-aquitaine.fr\/index.php\/trouver-un-club-de-billard\/\"><span class=\"icone32\">\u20ac<\/span><span class=\"suite\"> trouver un club de billard<\/span><\/a><\/p>\n<p><a class=\"btn-01\" href=\"http:\/\/billard-nouvelle-aquitaine.fr\/le-billard-carambole\/\"><span class=\"icone32\">y<\/span><span class=\"suite\"> en savoir plus sur le billard carambole <\/span><\/a><\/p>\n<hr \/>\n<p><img loading=\"lazy\" decoding=\"async\" class=\"size-full wp-image-45\" src=\"http:\/\/billard-nouvelle-aquitaine.fr\/wp-content\/uploads\/2017\/01\/vignette_blackball.png\" alt=\"billard blackball en nouvelle Aquitaine\" width=\"140\" height=\"140\" srcset=\"https:\/\/billard-nouvelle-aquitaine.fr\/wp-content\/uploads\/2017\/01\/vignette_blackball.png 140w, https:\/\/billard-nouvelle-aquitaine.fr\/wp-content\/uploads\/2017\/01\/vignette_blackball-100x100.png 100w\" sizes=\"(max-width: 140px) 100vw, 140px\" \/><\/p>\n<p><span style=\"font-size: 14pt;\"><span style=\"font-size: 18pt;\"><strong>Le blackball<\/strong><\/span><span style=\"font-size: 10pt;\"><em><br \/><span style=\"font-size: 14pt;\">Le billard de poche des billards \u00e0 poches&#8230; Un seul objectif, empocher la 8&#8230;<\/span><br \/><\/em><\/span><\/span><\/p>\n<p>Le blackball (autrefois appel\u00e9 8pool) est le billard que l&rsquo;on trouve le plus souvent dans les bars du fait de sa petite taille. Il se joue avec 16 billes : 7 billes rouges, 7 billes jaunes, une bille num\u00e9rot\u00e9e 8 et une bille blanche.<\/p>\n<p><a class=\"btn-00\" href=\"https:\/\/billard-nouvelle-aquitaine.fr\/index.php\/trouver-un-club-de-billard\/\"><span class=\"icone32\">\u20ac<\/span><span class=\"suite\"> trouver un club de billard<\/span><\/a><\/p>\n<p><a class=\"btn-01\" href=\"http:\/\/billard-nouvelle-aquitaine.fr\/le-billard-blackball\/\"><span class=\"icone32\">y<\/span><span class=\"suite\"> en savoir plus sur le billard blackball<\/span><\/a><\/p>\n<hr \/>\n<p><img loading=\"lazy\" decoding=\"async\" class=\"size-full wp-image-44\" src=\"http:\/\/billard-nouvelle-aquitaine.fr\/wp-content\/uploads\/2017\/01\/vignette_americain.png\" alt=\"billard am\u00e9ricain en nouvelle Aquitaine\" width=\"140\" height=\"140\" srcset=\"https:\/\/billard-nouvelle-aquitaine.fr\/wp-content\/uploads\/2017\/01\/vignette_americain.png 140w, https:\/\/billard-nouvelle-aquitaine.fr\/wp-content\/uploads\/2017\/01\/vignette_americain-100x100.png 100w\" sizes=\"(max-width: 140px) 100vw, 140px\" \/><\/p>\n<p><strong><span style=\"font-size: 14pt;\"><span style=\"font-size: 18pt;\">Le billard Am\u00e9ricain<\/span><br \/><\/span><\/strong><em><span style=\"font-size: 14pt;\">le grand fr\u00e8re <\/span><span style=\"font-size: 14pt;\"><span class=\"ral\">du billard anglais&#8230; l<\/span>e pool version US<\/span> <\/em><\/p>\n<p>C&rsquo;est le billard \u00e0 poches que l&rsquo;on voit dans les films&#8230; Le billard Am\u00e9ricain se joue avec une bille blanche et 15 billes num\u00e9rot\u00e9es de 1 \u00e0 15. Cette bille doit \u00eatre empoch\u00e9e apr\u00e8s avoir empoch\u00e9 tout son groupe de billes, jaune ou rouge selon les cas. Si le joueur empoche la noire avant d\u2019avoir fini son groupe, la partie est perdue pour lui.<\/p>\n<p><a class=\"btn-00\" href=\"https:\/\/billard-nouvelle-aquitaine.fr\/index.php\/trouver-un-club-de-billard\/\"><span class=\"icone32\">\u20ac<\/span><span class=\"suite\"> trouver un club de billard<\/span><\/a><\/p>\n<p><a class=\"btn-01\" href=\"http:\/\/billard-nouvelle-aquitaine.fr\/le-billard-americain\/\"><span class=\"icone32\">y<\/span><span class=\"suite\"> en savoir plus sur le billard am\u00e9ricain<\/span><\/a><\/p>\n<hr \/>\n<p><img loading=\"lazy\" decoding=\"async\" class=\"size-full wp-image-47\" src=\"http:\/\/billard-nouvelle-aquitaine.fr\/wp-content\/uploads\/2017\/01\/vignette_snooker.png\" alt=\"billard snooker en nouvelle Aquitaine\" width=\"140\" height=\"140\" srcset=\"https:\/\/billard-nouvelle-aquitaine.fr\/wp-content\/uploads\/2017\/01\/vignette_snooker.png 140w, https:\/\/billard-nouvelle-aquitaine.fr\/wp-content\/uploads\/2017\/01\/vignette_snooker-100x100.png 100w\" sizes=\"(max-width: 140px) 100vw, 140px\" \/><\/p>\n<p><span style=\"font-size: 14pt;\"><strong><span style=\"font-size: 18pt;\">Le snooker<\/span><br \/><\/strong><em>La discipline des strat\u00e8ges sur le g\u00e9ant des billards \u00e0 poches<\/em><strong><br \/><\/strong><\/span><\/p>\n<p>Le snooker est le billard le billard que l&rsquo;on peut voir sur certaines chaines de t\u00e9l\u00e9vision. Il se joue \u00e0 deux ou en \u00e9quipe de deux sur une grande table avec une bille blanche et 21 billes de couleur. Le vainqueur est le joueur ou l\u2019\u00e9quipe qui a obtenu le plus de points \u00e0 la fin de la partie.\u00a0<\/p>\n<p><a class=\"btn-00\" href=\"https:\/\/billard-nouvelle-aquitaine.fr\/index.php\/trouver-un-club-de-billard\/\"><span class=\"icone32\">\u20ac<\/span><span class=\"suite\"> trouver un club de billard<\/span><\/a><\/p>\n<p><a class=\"btn-01\" href=\"http:\/\/billard-nouvelle-aquitaine.fr\/le-billard-snooker\/\"><span class=\"icone32\">y<\/span><span class=\"suite\"> en savoir plus sur le billard snooker<\/span><\/a><\/p>\n\n","protected":false},"excerpt":{"rendered":"<p>Il y a 2 grandes familles de billard : le billard carambole et le billard \u00e0 poches qui comporte 3 disciplines : le blackball, le billard am\u00e9ricain et le snooker. Le billard carambole3 billes pour jouer et une seule r\u00e8gle : votre bille doit toucher les 2 autres Le billard carambole, appel\u00e9 aussi billard Fran\u00e7ais, &hellip; <\/p>\n<p class=\"link-more\"><a href=\"https:\/\/billard-nouvelle-aquitaine.fr\/index.php\/decouvrir-le-billard\/\" class=\"more-link\">Continuer la lecture<span class=\"screen-reader-text\"> de &laquo;&nbsp;Fran\u00e7ais, Am\u00e9ricain ou Anglais, il y a forc\u00e9ment un billard qui vous correspond&#8230;&nbsp;&raquo;<\/span><\/a><\/p>\n","protected":false},"author":1,"featured_media":126,"parent":0,"menu_order":0,"comment_status":"closed","ping_status":"closed","template":"","meta":{"footnotes":""},"categories":[],"tags":[],"class_list":["post-3","page","type-page","status-publish","has-post-thumbnail","hentry"],"_links":{"self":[{"href":"https:\/\/billard-nouvelle-aquitaine.fr\/index.php\/wp-json\/wp\/v2\/pages\/3"}],"collection":[{"href":"https:\/\/billard-nouvelle-aquitaine.fr\/index.php\/wp-json\/wp\/v2\/pages"}],"about":[{"href":"https:\/\/billard-nouvelle-aquitaine.fr\/index.php\/wp-json\/wp\/v2\/types\/page"}],"author":[{"embeddable":true,"href":"https:\/\/billard-nouvelle-aquitaine.fr\/index.php\/wp-json\/wp\/v2\/users\/1"}],"replies":[{"embeddable":true,"href":"https:\/\/billard-nouvelle-aquitaine.fr\/index.php\/wp-json\/wp\/v2\/comments?post=3"}],"version-history":[{"count":0,"href":"https:\/\/billard-nouvelle-aquitaine.fr\/index.php\/wp-json\/wp\/v2\/pages\/3\/revisions"}],"wp:featuredmedia":[{"embeddable":true,"href":"https:\/\/billard-nouvelle-aquitaine.fr\/index.php\/wp-json\/wp\/v2\/media\/126"}],"wp:attachment":[{"href":"https:\/\/billard-nouvelle-aquitaine.fr\/index.php\/wp-json\/wp\/v2\/media?parent=3"}],"wp:term":[{"taxonomy":"category","embeddable":true,"href":"https:\/\/billard-nouvelle-aquitaine.fr\/index.php\/wp-json\/wp\/v2\/categories?post=3"},{"taxonomy":"post_tag","embeddable":true,"href":"https:\/\/billard-nouvelle-aquitaine.fr\/index.php\/wp-json\/wp\/v2\/tags?post=3"}],"curies":[{"name":"wp","href":"https:\/\/api.w.org\/{rel}","templated":true}]}}