{"id":4,"date":"2016-12-20T13:07:06","date_gmt":"2016-12-20T12:07:06","guid":{"rendered":"http:\/\/billard-nouvelle-aquitaine.fr\/?page_id=4"},"modified":"2025-11-04T17:58:15","modified_gmt":"2025-11-04T16:58:15","slug":"le-billard-carambole","status":"publish","type":"page","link":"https:\/\/billard-nouvelle-aquitaine.fr\/index.php\/le-billard-carambole\/","title":{"rendered":"le billard carambole"},"content":{"rendered":"<p><img loading=\"lazy\" decoding=\"async\" class=\"wp-image-35 size-full aligncenter\" src=\"http:\/\/billard-nouvelle-aquitaine.fr\/wp-content\/uploads\/2017\/01\/carambole_billes.png\" width=\"748\" height=\"34\" srcset=\"https:\/\/billard-nouvelle-aquitaine.fr\/wp-content\/uploads\/2017\/01\/carambole_billes.png 748w, https:\/\/billard-nouvelle-aquitaine.fr\/wp-content\/uploads\/2017\/01\/carambole_billes-300x14.png 300w\" sizes=\"(max-width: 706px) 89vw, (max-width: 767px) 82vw, 740px\" \/><\/p>\n<p>Le billard carambole, appel\u00e9 aussi billard Fran\u00e7ais, est un jeu d&rsquo;adresse qui se pratique en g\u00e9n\u00e9ral \u00e0 un ou deux joueurs.<\/p>\n<p>Chaque joueur se voit attribuer une bille. En la poussant avec une queue de billard, il doit parvenir \u00e0 la faire entrer en contact avec les deux autres.<br \/>\nQuand cette condition est remplie, le joueur marque un point et continue \u00e0 jouer. Si il \u00e9choue, son adversaire prend la main.<\/p>\n<p>Chaque joueur a un nombre de points \u00e0 faire pour gagner la partie. Une partie peut \u00e9galement se disputer en un nombre d\u00e9fini de tours de jeu.<\/p>\n<p>Les diff\u00e9rents <b>modes de jeu<\/b> au billard carambole :<\/p>\n<div>\n<dl class=\"disciplines\">\n<dt>la <b>partie libre<\/b> <a class=\"esp\" title=\"libre\">en savoir plus&#8230;<\/a><\/dt>\n<dd id=\"libre\" class=\"descriptif_mdj _Of\">Chaque joueur doit atteindre un nombre de points correspondant \u00e0 son handicap. Le premier \u00e0 y parvenir gagne. S&rsquo;il s&rsquo;agit du joueur qui a commenc\u00e9 la partie, les billes sont remises \u00ab sur mouches \u00bb et son adversaire a le droit de tenter de compl\u00e9ter les points lui manquant en une reprise.<\/dd>\n<dt>la <b>bande<\/b> <a class=\"esp\" title=\"bande\">en savoir plus&#8230;<\/a><\/dt>\n<dd id=\"bande\" class=\"descriptif_mdj _Of\">La bille du joueur doit rebondir sur au moins une bande avant de toucher la derni\u00e8re bille pour que le point soit valid\u00e9 (ou toucher au moins une bande avant de caramboler les deux autres billes).<\/p>\n<p><figure style=\"width: 460px\" class=\"wp-caption alignnone\"><a href=\"http:\/\/www.kozoom.com\/fr\/billard-carambole\/players\/remond-alain\/palmares.html\" target=\"_blank\" rel=\"noopener noreferrer\"><img loading=\"lazy\" decoding=\"async\" style=\"border-width: 2px;\" src=\"http:\/\/www.kozoom.com\/thumbnails\/photo_gallery_big\/uploads\/events\/3141\/photos\/754df85c122ca982f8e6e0faf64f8866.jpg.jpg\" alt=\"Alain R\u00e9mond\" width=\"460\" height=\"307\" \/><\/a><figcaption class=\"wp-caption-text\">Alain R\u00e9mond 7 fois champion de France \u00e0 la bande &#8211; Champion d&rsquo;Europe en 2003<\/figcaption><\/figure><\/dd>\n<dt>le <b>3 bandes<\/b> <a class=\"esp\" title=\"3bandes\">en savoir plus&#8230;<\/a><\/dt>\n<dd id=\"3bandes\" class=\"descriptif_mdj _Of\">La bille du joueur doit rebondir sur au moins trois bandes avant de toucher la derni\u00e8re bille pour que le point soit valid\u00e9 (ou toucher au moins trois bandes avant de caramboler les deux autres billes).<\/dd>\n<dt>le <b>cadre<\/b> <a class=\"esp\" title=\"cadre\">en savoir plus&#8230;<\/a><\/dt>\n<dd id=\"cadre\" class=\"descriptif_mdj _Of\">La suface du billard est divid\u00e9e en zones rectangulaires marqu\u00e9es \u00e0 la craie blanche. Le but du jeu est d&rsquo;effectuer des carambolages mais en faisant en sorte que les billes ne restent pas dans la m\u00eame zone \u00ab\u00a0reglement\u00e9e\u00a0\u00bb.<br \/>\nIl y a deux variantes :<br \/>\nLe cadre \u00e0 2 coups (47\/2 ou 71\/2) : les zones ont une largeur de 47cm ou bien 72cm. Le joueur peut effectuer 2 coups avant que l&rsquo;une des billes ne sorte de la zone r\u00e8glement\u00e9e.<\/dd>\n<dt>le <b>billard artistique<\/b> <a class=\"esp\" title=\"artistique\">en savoir plus&#8230;<\/a><\/dt>\n<dd id=\"artistique\" class=\"descriptif_mdj _Of\">Le billard artistique est pratiqu\u00e9 sur une table de 3,10 m par des joueurs ayant d\u00e9j\u00e0 une bonne connaissance du billard. Cette discipline consiste \u00e0 r\u00e9aliser des figures impos\u00e9es en trois essais. La bonne r\u00e9alisation de chaque figure rapporte de 5 \u00e0 10 points en fonction de sa difficult\u00e9.<\/dd>\n<dt>le <b>5 quilles<\/b> <a class=\"esp\" title=\"5quilles\">en savoir plus&#8230;<\/a><\/dt>\n<dd id=\"5quilles\" class=\"descriptif_mdj _Of\">Le 5-quilles est un jeu qui nous vient d&rsquo;Italie o\u00f9 il est pratiqu\u00e9 par des milliers de joueurs.Peu connu et peu pratiqu\u00e9 en France, il a cependant \u00e9norm\u00e9ment d\u2019atouts pour attirer les jeunes (et les moins jeunes) ! Ludique, c\u2019est un jeu rapide qui ne laisse pas de place \u00e0 l\u2019ennui\u2026L\u2019adopter et inciter vos joueurs \u00e0 le pratiquer, c\u2019est vous assurer une bonne ambiance et un moment particuli\u00e8rement convivial autour d\u2019une nouvelle pratique o\u00f9 chacun se red\u00e9couvre.<\/p>\n<p><a href=\"https:\/\/www.youtube.com\/watch?v=g66naNmRzjQ\" target=\"_blank\" rel=\"noopener noreferrer\">Clip de promotion du 5-quilles sur You Tube<\/a><\/dd>\n<dt>le <b>4 billes<\/b> <a class=\"esp\" title=\"4billes\">en savoir plus&#8230;<\/a><\/dt>\n<dd id=\"4billes\" class=\"descriptif_mdj _Of\">Le jeu du 4 billes s&rsquo;adresse avant tout aux d\u00e9butants. Comme son nom l&rsquo;indique, il se joue avec 4 billes (une rouge suppl\u00e9mentaire ou une bleue par exemple). Pour marquer des points, le joueur doit caramboler 2 des 3 billes adverses.<\/dd>\n<\/dl>\n<hr \/>\n<p><a class=\"btn-00\" href=\"https:\/\/billard-nouvelle-aquitaine.fr\/index.php\/trouver-un-club-de-billard\/\"><span class=\"icone32\">\u20ac<\/span><span class=\"suite\"> trouver un club de billard<\/span><\/a><\/p>\n<hr \/>\n<p><span style=\"font-size: 20px;\">d\u00e9couvrir une autre discipline&#8230;<\/span><\/p>\n<p id=\"autres_disciplines\"><a href=\"http:\/\/billard-nouvelle-aquitaine.fr\/le-billard-americain\/\"><img loading=\"lazy\" decoding=\"async\" class=\"alignnone wp-image-44 size-full\" title=\"billard am\u00e9ricain en nouvelle Aquitaine\" src=\"http:\/\/billard-nouvelle-aquitaine.fr\/wp-content\/uploads\/2017\/01\/vignette_americain.png\" alt=\"billard am\u00e9ricain en nouvelle Aquitaine\" width=\"140\" height=\"140\" srcset=\"https:\/\/billard-nouvelle-aquitaine.fr\/wp-content\/uploads\/2017\/01\/vignette_americain.png 140w, https:\/\/billard-nouvelle-aquitaine.fr\/wp-content\/uploads\/2017\/01\/vignette_americain-100x100.png 100w\" sizes=\"(max-width: 140px) 100vw, 140px\" \/><\/a><a href=\"http:\/\/billard-nouvelle-aquitaine.fr\/le-billard-blackball\/\"><img loading=\"lazy\" decoding=\"async\" class=\"alignnone wp-image-45 size-full\" title=\"billard blackball en nouvelle Aquitaine\" src=\"http:\/\/billard-nouvelle-aquitaine.fr\/wp-content\/uploads\/2017\/01\/vignette_blackball.png\" alt=\"billard blackball en nouvelle Aquitaine\" width=\"140\" height=\"140\" srcset=\"https:\/\/billard-nouvelle-aquitaine.fr\/wp-content\/uploads\/2017\/01\/vignette_blackball.png 140w, https:\/\/billard-nouvelle-aquitaine.fr\/wp-content\/uploads\/2017\/01\/vignette_blackball-100x100.png 100w\" sizes=\"(max-width: 140px) 100vw, 140px\" \/><\/a><a href=\"http:\/\/billard-nouvelle-aquitaine.fr\/le-billard-carambole\/\"><img loading=\"lazy\" decoding=\"async\" class=\"trsp50 alignnone wp-image-46 size-full\" title=\"billard carambole en nouvelle Aquitaine\" src=\"http:\/\/billard-nouvelle-aquitaine.fr\/wp-content\/uploads\/2017\/01\/vignette_carambole.png\" alt=\"billard carambole en nouvelle Aquitaine\" width=\"140\" height=\"140\" srcset=\"https:\/\/billard-nouvelle-aquitaine.fr\/wp-content\/uploads\/2017\/01\/vignette_carambole.png 140w, https:\/\/billard-nouvelle-aquitaine.fr\/wp-content\/uploads\/2017\/01\/vignette_carambole-100x100.png 100w\" sizes=\"(max-width: 140px) 100vw, 140px\" \/><\/a><a href=\"http:\/\/billard-nouvelle-aquitaine.fr\/le-billard-snooker\/\"><img loading=\"lazy\" decoding=\"async\" class=\"alignnone wp-image-47 size-full\" title=\"billard snooker en nouvelle Aquitaine\" src=\"http:\/\/billard-nouvelle-aquitaine.fr\/wp-content\/uploads\/2017\/01\/vignette_snooker.png\" alt=\"billard snooker en nouvelle Aquitaine\" width=\"140\" height=\"140\" srcset=\"https:\/\/billard-nouvelle-aquitaine.fr\/wp-content\/uploads\/2017\/01\/vignette_snooker.png 140w, https:\/\/billard-nouvelle-aquitaine.fr\/wp-content\/uploads\/2017\/01\/vignette_snooker-100x100.png 100w\" sizes=\"(max-width: 140px) 100vw, 140px\" \/><\/a><\/p>\n<\/div>\n","protected":false},"excerpt":{"rendered":"<p>Le billard carambole, appel\u00e9 aussi billard Fran\u00e7ais, est un jeu d&rsquo;adresse qui se pratique en g\u00e9n\u00e9ral \u00e0 un ou deux joueurs. Chaque joueur se voit attribuer une bille. En la poussant avec une queue de billard, il doit parvenir \u00e0 la faire entrer en contact avec les deux autres. Quand cette condition est remplie, le &hellip; <\/p>\n<p class=\"link-more\"><a href=\"https:\/\/billard-nouvelle-aquitaine.fr\/index.php\/le-billard-carambole\/\" class=\"more-link\">Continuer la lecture<span class=\"screen-reader-text\"> de &laquo;&nbsp;le billard carambole&nbsp;&raquo;<\/span><\/a><\/p>\n","protected":false},"author":1,"featured_media":92,"parent":0,"menu_order":0,"comment_status":"closed","ping_status":"closed","template":"","meta":{"footnotes":""},"categories":[],"tags":[],"class_list":["post-4","page","type-page","status-publish","has-post-thumbnail","hentry"],"_links":{"self":[{"href":"https:\/\/billard-nouvelle-aquitaine.fr\/index.php\/wp-json\/wp\/v2\/pages\/4"}],"collection":[{"href":"https:\/\/billard-nouvelle-aquitaine.fr\/index.php\/wp-json\/wp\/v2\/pages"}],"about":[{"href":"https:\/\/billard-nouvelle-aquitaine.fr\/index.php\/wp-json\/wp\/v2\/types\/page"}],"author":[{"embeddable":true,"href":"https:\/\/billard-nouvelle-aquitaine.fr\/index.php\/wp-json\/wp\/v2\/users\/1"}],"replies":[{"embeddable":true,"href":"https:\/\/billard-nouvelle-aquitaine.fr\/index.php\/wp-json\/wp\/v2\/comments?post=4"}],"version-history":[{"count":0,"href":"https:\/\/billard-nouvelle-aquitaine.fr\/index.php\/wp-json\/wp\/v2\/pages\/4\/revisions"}],"wp:featuredmedia":[{"embeddable":true,"href":"https:\/\/billard-nouvelle-aquitaine.fr\/index.php\/wp-json\/wp\/v2\/media\/92"}],"wp:attachment":[{"href":"https:\/\/billard-nouvelle-aquitaine.fr\/index.php\/wp-json\/wp\/v2\/media?parent=4"}],"wp:term":[{"taxonomy":"category","embeddable":true,"href":"https:\/\/billard-nouvelle-aquitaine.fr\/index.php\/wp-json\/wp\/v2\/categories?post=4"},{"taxonomy":"post_tag","embeddable":true,"href":"https:\/\/billard-nouvelle-aquitaine.fr\/index.php\/wp-json\/wp\/v2\/tags?post=4"}],"curies":[{"name":"wp","href":"https:\/\/api.w.org\/{rel}","templated":true}]}}