{"id":5,"date":"2016-12-20T13:07:16","date_gmt":"2016-12-20T12:07:16","guid":{"rendered":"http:\/\/billard-nouvelle-aquitaine.fr\/?page_id=5"},"modified":"2025-11-04T18:00:53","modified_gmt":"2025-11-04T17:00:53","slug":"le-billard-blackball","status":"publish","type":"page","link":"https:\/\/billard-nouvelle-aquitaine.fr\/index.php\/le-billard-blackball\/","title":{"rendered":"le billard blackball"},"content":{"rendered":"<p><img loading=\"lazy\" decoding=\"async\" class=\"alignnone wp-image-34 size-full\" src=\"http:\/\/billard-nouvelle-aquitaine.fr\/wp-content\/uploads\/2017\/01\/blackball_billes.png\" width=\"748\" height=\"34\" srcset=\"https:\/\/billard-nouvelle-aquitaine.fr\/wp-content\/uploads\/2017\/01\/blackball_billes.png 748w, https:\/\/billard-nouvelle-aquitaine.fr\/wp-content\/uploads\/2017\/01\/blackball_billes-300x14.png 300w\" sizes=\"(max-width: 706px) 89vw, (max-width: 767px) 82vw, 740px\" \/><\/p>\n<p>Le blackball est un jeu de billard qui se d\u00e9roule sur une table rectangulaire \u00e0 6 poches avec 14 billes de couleur, une bille noire num\u00e9ro 8 et une bille blanche. Les 14 billes de couleur sont s\u00e9par\u00e9es en 2 groupes : un groupe de 7 billes rouges, un groupe de 7 billes jaunes.<\/p>\n<p>La partie est gagn\u00e9e par le joueur (ou l\u2019\u00e9quipe) qui, apr\u00e8s avoir empoch\u00e9 les 7 billes de sa couleur, empoche r\u00e9guli\u00e8rement la bille noire num\u00e9ro 8, de mani\u00e8re directe (sans bande) ou non (avec bande) dans l\u2019une des 6 poches.<\/p>\n<hr \/>\n<p><a class=\"btn-00\" href=\"https:\/\/billard-nouvelle-aquitaine.fr\/index.php\/trouver-un-club-de-billard\/\"><span class=\"icone32\">\u20ac<\/span><span class=\"suite\"> trouver un club de billard<\/span><\/a><\/p>\n<hr \/>\n<p><span style=\"font-size: 20px;\">d\u00e9couvrir une autre discipline&#8230;<\/span><\/p>\n<p id=\"autres_disciplines\"><a href=\"http:\/\/billard-nouvelle-aquitaine.fr\/le-billard-americain\/\"><img loading=\"lazy\" decoding=\"async\" class=\"alignnone wp-image-44 size-full\" title=\"billard am\u00e9ricain en nouvelle Aquitaine\" src=\"http:\/\/billard-nouvelle-aquitaine.fr\/wp-content\/uploads\/2017\/01\/vignette_americain.png\" alt=\"billard am\u00e9ricain en nouvelle Aquitaine\" width=\"140\" height=\"140\" srcset=\"https:\/\/billard-nouvelle-aquitaine.fr\/wp-content\/uploads\/2017\/01\/vignette_americain.png 140w, https:\/\/billard-nouvelle-aquitaine.fr\/wp-content\/uploads\/2017\/01\/vignette_americain-100x100.png 100w\" sizes=\"(max-width: 140px) 100vw, 140px\" \/><\/a><a href=\"http:\/\/billard-nouvelle-aquitaine.fr\/le-billard-blackball\/\"><img loading=\"lazy\" decoding=\"async\" class=\"trsp50 alignnone wp-image-45 size-full\" title=\"billard blackball en nouvelle Aquitaine\" src=\"http:\/\/billard-nouvelle-aquitaine.fr\/wp-content\/uploads\/2017\/01\/vignette_blackball.png\" alt=\"billard blackball en nouvelle Aquitaine\" width=\"140\" height=\"140\" srcset=\"https:\/\/billard-nouvelle-aquitaine.fr\/wp-content\/uploads\/2017\/01\/vignette_blackball.png 140w, https:\/\/billard-nouvelle-aquitaine.fr\/wp-content\/uploads\/2017\/01\/vignette_blackball-100x100.png 100w\" sizes=\"(max-width: 140px) 100vw, 140px\" \/><\/a><a href=\"http:\/\/billard-nouvelle-aquitaine.fr\/le-billard-carambole\/\"><img loading=\"lazy\" decoding=\"async\" class=\"alignnone wp-image-46 size-full\" title=\"billard carambole en nouvelle Aquitaine\" src=\"http:\/\/billard-nouvelle-aquitaine.fr\/wp-content\/uploads\/2017\/01\/vignette_carambole.png\" alt=\"billard carambole en nouvelle Aquitaine\" width=\"140\" height=\"140\" srcset=\"https:\/\/billard-nouvelle-aquitaine.fr\/wp-content\/uploads\/2017\/01\/vignette_carambole.png 140w, https:\/\/billard-nouvelle-aquitaine.fr\/wp-content\/uploads\/2017\/01\/vignette_carambole-100x100.png 100w\" sizes=\"(max-width: 140px) 100vw, 140px\" \/><\/a><a href=\"http:\/\/billard-nouvelle-aquitaine.fr\/le-billard-snooker\/\"><img loading=\"lazy\" decoding=\"async\" class=\"alignnone wp-image-47 size-full\" title=\"billard snooker en nouvelle Aquitaine\" src=\"http:\/\/billard-nouvelle-aquitaine.fr\/wp-content\/uploads\/2017\/01\/vignette_snooker.png\" alt=\"billard snooker en nouvelle Aquitaine\" width=\"140\" height=\"140\" srcset=\"https:\/\/billard-nouvelle-aquitaine.fr\/wp-content\/uploads\/2017\/01\/vignette_snooker.png 140w, https:\/\/billard-nouvelle-aquitaine.fr\/wp-content\/uploads\/2017\/01\/vignette_snooker-100x100.png 100w\" sizes=\"(max-width: 140px) 100vw, 140px\" \/><\/a><\/p>\n","protected":false},"excerpt":{"rendered":"<p>Le blackball est un jeu de billard qui se d\u00e9roule sur une table rectangulaire \u00e0 6 poches avec 14 billes de couleur, une bille noire num\u00e9ro 8 et une bille blanche. Les 14 billes de couleur sont s\u00e9par\u00e9es en 2 groupes : un groupe de 7 billes rouges, un groupe de 7 billes jaunes. La &hellip; <\/p>\n<p class=\"link-more\"><a href=\"https:\/\/billard-nouvelle-aquitaine.fr\/index.php\/le-billard-blackball\/\" class=\"more-link\">Continuer la lecture<span class=\"screen-reader-text\"> de &laquo;&nbsp;le billard blackball&nbsp;&raquo;<\/span><\/a><\/p>\n","protected":false},"author":1,"featured_media":118,"parent":0,"menu_order":0,"comment_status":"closed","ping_status":"closed","template":"","meta":{"footnotes":""},"categories":[],"tags":[],"class_list":["post-5","page","type-page","status-publish","has-post-thumbnail","hentry"],"_links":{"self":[{"href":"https:\/\/billard-nouvelle-aquitaine.fr\/index.php\/wp-json\/wp\/v2\/pages\/5"}],"collection":[{"href":"https:\/\/billard-nouvelle-aquitaine.fr\/index.php\/wp-json\/wp\/v2\/pages"}],"about":[{"href":"https:\/\/billard-nouvelle-aquitaine.fr\/index.php\/wp-json\/wp\/v2\/types\/page"}],"author":[{"embeddable":true,"href":"https:\/\/billard-nouvelle-aquitaine.fr\/index.php\/wp-json\/wp\/v2\/users\/1"}],"replies":[{"embeddable":true,"href":"https:\/\/billard-nouvelle-aquitaine.fr\/index.php\/wp-json\/wp\/v2\/comments?post=5"}],"version-history":[{"count":0,"href":"https:\/\/billard-nouvelle-aquitaine.fr\/index.php\/wp-json\/wp\/v2\/pages\/5\/revisions"}],"wp:featuredmedia":[{"embeddable":true,"href":"https:\/\/billard-nouvelle-aquitaine.fr\/index.php\/wp-json\/wp\/v2\/media\/118"}],"wp:attachment":[{"href":"https:\/\/billard-nouvelle-aquitaine.fr\/index.php\/wp-json\/wp\/v2\/media?parent=5"}],"wp:term":[{"taxonomy":"category","embeddable":true,"href":"https:\/\/billard-nouvelle-aquitaine.fr\/index.php\/wp-json\/wp\/v2\/categories?post=5"},{"taxonomy":"post_tag","embeddable":true,"href":"https:\/\/billard-nouvelle-aquitaine.fr\/index.php\/wp-json\/wp\/v2\/tags?post=5"}],"curies":[{"name":"wp","href":"https:\/\/api.w.org\/{rel}","templated":true}]}}