{"id":6,"date":"2016-12-20T13:07:43","date_gmt":"2016-12-20T12:07:43","guid":{"rendered":"http:\/\/billard-nouvelle-aquitaine.fr\/?page_id=6"},"modified":"2025-11-04T18:00:35","modified_gmt":"2025-11-04T17:00:35","slug":"le-billard-americain","status":"publish","type":"page","link":"https:\/\/billard-nouvelle-aquitaine.fr\/index.php\/le-billard-americain\/","title":{"rendered":"le billard am\u00e9ricain"},"content":{"rendered":"<p><img loading=\"lazy\" decoding=\"async\" class=\"alignnone size-full wp-image-33\" src=\"http:\/\/billard-nouvelle-aquitaine.fr\/wp-content\/uploads\/2017\/01\/americain_billes.png\" alt=\"\" width=\"748\" height=\"34\" srcset=\"https:\/\/billard-nouvelle-aquitaine.fr\/wp-content\/uploads\/2017\/01\/americain_billes.png 748w, https:\/\/billard-nouvelle-aquitaine.fr\/wp-content\/uploads\/2017\/01\/americain_billes-300x14.png 300w\" sizes=\"(max-width: 706px) 89vw, (max-width: 767px) 82vw, 740px\" \/><\/p>\n<p>Le billard Am\u00e9ricain se joue avec une bille blanche et 15 billes num\u00e9rot\u00e9es de 1 \u00e0 15. Cette bille doit \u00eatre empoch\u00e9e apr\u00e8s avoir empoch\u00e9 tout son groupe de billes, jaune ou rouge selon les cas. Si le joueur empoche la noire avant d\u2019avoir fini son groupe, la partie est perdue pour lui.<\/p>\n<p>les diff\u00e9rents <b>modes de jeu<\/b> au billard am\u00e9ricain :<\/p>\n<dl class=\"disciplines\">\n<dt>le <b>jeu de la 8<\/b> <a class=\"esp\" title=\"la8\">en savoir plus&#8230;<\/a><\/dt>\n<dd id=\"la8\" class=\"descriptif_mdj _Of\">Il se joue avec les 15 billes et les r\u00e8gles sont assez similaires de celles du blackball. C&rsquo;est un jeu qui se joue \u00e0 l&rsquo;annonce, la poche dans laquelle on souhaite empocher la bille doit-\u00eatre d\u00e9sign\u00e9e (un empochage \u00e9vident n&rsquo;a pas besoin d&rsquo;\u00eatre annonc\u00e9 donc on compte sur le fairplay et la bonne foi de son adversaire)<\/dd>\n<dt>le <b>jeu de la 9<\/b> <a class=\"esp\" title=\"la9\">en savoir plus&#8230;<\/a><\/dt>\n<dd id=\"la9\" class=\"descriptif_mdj _Of\">Il se joue avec les 9 billes num\u00e9rot\u00e9es de 1 \u00e0 9.<br \/>\nA chaque coup, le joueur doit obligatoirement caramboler en premier la bille portant le plus petit num\u00e9ro sur la table.<br \/>\nLe gagnant est le joueur qui empoche la 9.<\/dd>\n<dt>le <b>jeu de la 10<\/b> <a class=\"esp\" title=\"la10\">en savoir plus&#8230;<\/a><\/dt>\n<dd id=\"la10\" class=\"descriptif_mdj _Of\">Il se joue avec les 10 billes num\u00e9rot\u00e9es de 1 \u00e0 10.<br \/>\nA chaque coup, le joueur doit obligatoirement caramboler en premier la bille portant le plus petit num\u00e9ro sur la table.<br \/>\nLes poches vis\u00e9es doivent \u00eatre annonc\u00e9es.<br \/>\nLe gagnant est le joueur qui empoche la 10.<\/dd>\n<dt>le <b>14\/1 continu<\/b> <a class=\"esp\" title=\"la141\">en savoir plus&#8230;<\/a><\/dt>\n<dd id=\"la141\" class=\"descriptif_mdj _Of\">Il se joue avec les 15 billes num\u00e9rot\u00e9es.<br \/>\nChaque joueur doit marquer un nombre de points correspondant \u00e0 son handicap (distance de la partie).<br \/>\nLes poches vis\u00e9es doivent \u00eatre annonc\u00e9es. Chaque bille empoch\u00e9e vaut 1 point.<br \/>\nLorsqu&rsquo;il ne reste plus qu&rsquo;une bille num\u00e9rot\u00e9e sur la table, le triangle de d\u00e9part est reform\u00e9 (avec les seules 14 autres billes) et le joueur peut continuer sa s\u00e9rie.<\/dd>\n<\/dl>\n<hr \/>\n<p><a class=\"btn-00\" href=\"https:\/\/billard-nouvelle-aquitaine.fr\/index.php\/trouver-un-club-de-billard\/\"><span class=\"icone32\">\u20ac<\/span><span class=\"suite\"> trouver un club de billard<\/span><\/a><\/p>\n<hr \/>\n<p><span style=\"font-size: 20px;\">d\u00e9couvrir une autre discipline&#8230;<\/span><\/p>\n<p id=\"autres_disciplines\"><a href=\"http:\/\/billard-nouvelle-aquitaine.fr\/le-billard-americain\/\"><img loading=\"lazy\" decoding=\"async\" class=\"trsp50 alignnone wp-image-44 size-full\" title=\"billard am\u00e9ricain en nouvelle Aquitaine\" src=\"http:\/\/billard-nouvelle-aquitaine.fr\/wp-content\/uploads\/2017\/01\/vignette_americain.png\" alt=\"billard am\u00e9ricain en nouvelle Aquitaine\" width=\"140\" height=\"140\" srcset=\"https:\/\/billard-nouvelle-aquitaine.fr\/wp-content\/uploads\/2017\/01\/vignette_americain.png 140w, https:\/\/billard-nouvelle-aquitaine.fr\/wp-content\/uploads\/2017\/01\/vignette_americain-100x100.png 100w\" sizes=\"(max-width: 140px) 100vw, 140px\" \/><\/a><a href=\"http:\/\/billard-nouvelle-aquitaine.fr\/le-billard-blackball\/\"><img loading=\"lazy\" decoding=\"async\" class=\"alignnone wp-image-45 size-full\" title=\"billard blackball en nouvelle Aquitaine\" src=\"http:\/\/billard-nouvelle-aquitaine.fr\/wp-content\/uploads\/2017\/01\/vignette_blackball.png\" alt=\"billard blackball en nouvelle Aquitaine\" width=\"140\" height=\"140\" srcset=\"https:\/\/billard-nouvelle-aquitaine.fr\/wp-content\/uploads\/2017\/01\/vignette_blackball.png 140w, https:\/\/billard-nouvelle-aquitaine.fr\/wp-content\/uploads\/2017\/01\/vignette_blackball-100x100.png 100w\" sizes=\"(max-width: 140px) 100vw, 140px\" \/><\/a><a href=\"http:\/\/billard-nouvelle-aquitaine.fr\/le-billard-carambole\/\"><img loading=\"lazy\" decoding=\"async\" class=\"alignnone wp-image-46 size-full\" title=\"billard carambole en nouvelle Aquitaine\" src=\"http:\/\/billard-nouvelle-aquitaine.fr\/wp-content\/uploads\/2017\/01\/vignette_carambole.png\" alt=\"billard carambole en nouvelle Aquitaine\" width=\"140\" height=\"140\" srcset=\"https:\/\/billard-nouvelle-aquitaine.fr\/wp-content\/uploads\/2017\/01\/vignette_carambole.png 140w, https:\/\/billard-nouvelle-aquitaine.fr\/wp-content\/uploads\/2017\/01\/vignette_carambole-100x100.png 100w\" sizes=\"(max-width: 140px) 100vw, 140px\" \/><\/a><a href=\"http:\/\/billard-nouvelle-aquitaine.fr\/le-billard-snooker\/\"><img loading=\"lazy\" decoding=\"async\" class=\"alignnone wp-image-47 size-full\" title=\"billard snooker en nouvelle Aquitaine\" src=\"http:\/\/billard-nouvelle-aquitaine.fr\/wp-content\/uploads\/2017\/01\/vignette_snooker.png\" alt=\"billard snooker en nouvelle Aquitaine\" width=\"140\" height=\"140\" srcset=\"https:\/\/billard-nouvelle-aquitaine.fr\/wp-content\/uploads\/2017\/01\/vignette_snooker.png 140w, https:\/\/billard-nouvelle-aquitaine.fr\/wp-content\/uploads\/2017\/01\/vignette_snooker-100x100.png 100w\" sizes=\"(max-width: 140px) 100vw, 140px\" \/><\/a><\/p>\n","protected":false},"excerpt":{"rendered":"<p>Le billard Am\u00e9ricain se joue avec une bille blanche et 15 billes num\u00e9rot\u00e9es de 1 \u00e0 15. Cette bille doit \u00eatre empoch\u00e9e apr\u00e8s avoir empoch\u00e9 tout son groupe de billes, jaune ou rouge selon les cas. Si le joueur empoche la noire avant d\u2019avoir fini son groupe, la partie est perdue pour lui. les diff\u00e9rents &hellip; <\/p>\n<p class=\"link-more\"><a href=\"https:\/\/billard-nouvelle-aquitaine.fr\/index.php\/le-billard-americain\/\" class=\"more-link\">Continuer la lecture<span class=\"screen-reader-text\"> de &laquo;&nbsp;le billard am\u00e9ricain&nbsp;&raquo;<\/span><\/a><\/p>\n","protected":false},"author":1,"featured_media":113,"parent":0,"menu_order":0,"comment_status":"closed","ping_status":"closed","template":"","meta":{"footnotes":""},"categories":[],"tags":[],"class_list":["post-6","page","type-page","status-publish","has-post-thumbnail","hentry"],"_links":{"self":[{"href":"https:\/\/billard-nouvelle-aquitaine.fr\/index.php\/wp-json\/wp\/v2\/pages\/6"}],"collection":[{"href":"https:\/\/billard-nouvelle-aquitaine.fr\/index.php\/wp-json\/wp\/v2\/pages"}],"about":[{"href":"https:\/\/billard-nouvelle-aquitaine.fr\/index.php\/wp-json\/wp\/v2\/types\/page"}],"author":[{"embeddable":true,"href":"https:\/\/billard-nouvelle-aquitaine.fr\/index.php\/wp-json\/wp\/v2\/users\/1"}],"replies":[{"embeddable":true,"href":"https:\/\/billard-nouvelle-aquitaine.fr\/index.php\/wp-json\/wp\/v2\/comments?post=6"}],"version-history":[{"count":0,"href":"https:\/\/billard-nouvelle-aquitaine.fr\/index.php\/wp-json\/wp\/v2\/pages\/6\/revisions"}],"wp:featuredmedia":[{"embeddable":true,"href":"https:\/\/billard-nouvelle-aquitaine.fr\/index.php\/wp-json\/wp\/v2\/media\/113"}],"wp:attachment":[{"href":"https:\/\/billard-nouvelle-aquitaine.fr\/index.php\/wp-json\/wp\/v2\/media?parent=6"}],"wp:term":[{"taxonomy":"category","embeddable":true,"href":"https:\/\/billard-nouvelle-aquitaine.fr\/index.php\/wp-json\/wp\/v2\/categories?post=6"},{"taxonomy":"post_tag","embeddable":true,"href":"https:\/\/billard-nouvelle-aquitaine.fr\/index.php\/wp-json\/wp\/v2\/tags?post=6"}],"curies":[{"name":"wp","href":"https:\/\/api.w.org\/{rel}","templated":true}]}}