{"id":7,"date":"2016-12-20T13:07:51","date_gmt":"2016-12-20T12:07:51","guid":{"rendered":"http:\/\/billard-nouvelle-aquitaine.fr\/?page_id=7"},"modified":"2025-11-04T18:01:08","modified_gmt":"2025-11-04T17:01:08","slug":"le-billard-snooker","status":"publish","type":"page","link":"https:\/\/billard-nouvelle-aquitaine.fr\/index.php\/le-billard-snooker\/","title":{"rendered":"le billard snooker"},"content":{"rendered":"<p><img loading=\"lazy\" decoding=\"async\" class=\"alignnone size-full wp-image-43\" src=\"http:\/\/billard-nouvelle-aquitaine.fr\/wp-content\/uploads\/2017\/01\/snooker_billes.png\" alt=\"\" width=\"748\" height=\"34\" srcset=\"https:\/\/billard-nouvelle-aquitaine.fr\/wp-content\/uploads\/2017\/01\/snooker_billes.png 748w, https:\/\/billard-nouvelle-aquitaine.fr\/wp-content\/uploads\/2017\/01\/snooker_billes-300x14.png 300w\" sizes=\"(max-width: 706px) 89vw, (max-width: 767px) 82vw, 740px\" \/><\/p>\n<p>Le snooker se joue \u00e0 deux ou en \u00e9quipe de deux sur une grande table (la surface de jeu mesure 3,57 m sur 1,78 m). avec une bille blanche et 21 billes de couleur (15 rouges et six couleurs : une jaune, une verte, une marron, une bleue, une rose et une noire, dans l\u2019ordre croissant de leur valeur).<\/p>\n<p>Le but du jeu est de marquer des points avec les billes rouges et color\u00e9es en les propulsant, \u00e0 l\u2019aide de la bille blanche, dans les six poches dispos\u00e9es autour de la table aux quatre coins et au milieu des longs c\u00f4t\u00e9s, ou en provoquant des fautes de jeu chez l\u2019adversaire.<\/p>\n<p>Le vainqueur est le joueur ou l\u2019\u00e9quipe qui a obtenu le plus de points \u00e0 la fin de la partie.<\/p>\n<hr \/>\n<p><a class=\"btn-00\" href=\"https:\/\/billard-nouvelle-aquitaine.fr\/index.php\/trouver-un-club-de-billard\/\"><span class=\"icone32\">\u20ac<\/span><span class=\"suite\"> trouver un club de billard<\/span><\/a><\/p>\n<hr \/>\n<p><span style=\"font-size: 20px;\">d\u00e9couvrir une autre discipline&#8230;<\/span><\/p>\n<p id=\"autres_disciplines\"><a href=\"http:\/\/billard-nouvelle-aquitaine.fr\/le-billard-americain\/\"><img loading=\"lazy\" decoding=\"async\" class=\"alignnone wp-image-44 size-full\" title=\"billard am\u00e9ricain en nouvelle Aquitaine\" src=\"http:\/\/billard-nouvelle-aquitaine.fr\/wp-content\/uploads\/2017\/01\/vignette_americain.png\" alt=\"billard am\u00e9ricain en nouvelle Aquitaine\" width=\"140\" height=\"140\" srcset=\"https:\/\/billard-nouvelle-aquitaine.fr\/wp-content\/uploads\/2017\/01\/vignette_americain.png 140w, https:\/\/billard-nouvelle-aquitaine.fr\/wp-content\/uploads\/2017\/01\/vignette_americain-100x100.png 100w\" sizes=\"(max-width: 140px) 100vw, 140px\" \/><\/a><a href=\"http:\/\/billard-nouvelle-aquitaine.fr\/le-billard-blackball\/\"><img loading=\"lazy\" decoding=\"async\" class=\"alignnone wp-image-45 size-full\" title=\"billard blackball en nouvelle Aquitaine\" src=\"http:\/\/billard-nouvelle-aquitaine.fr\/wp-content\/uploads\/2017\/01\/vignette_blackball.png\" alt=\"billard blackball en nouvelle Aquitaine\" width=\"140\" height=\"140\" srcset=\"https:\/\/billard-nouvelle-aquitaine.fr\/wp-content\/uploads\/2017\/01\/vignette_blackball.png 140w, https:\/\/billard-nouvelle-aquitaine.fr\/wp-content\/uploads\/2017\/01\/vignette_blackball-100x100.png 100w\" sizes=\"(max-width: 140px) 100vw, 140px\" \/><\/a><a href=\"http:\/\/billard-nouvelle-aquitaine.fr\/le-billard-carambole\/\"><img loading=\"lazy\" decoding=\"async\" class=\"alignnone wp-image-46 size-full\" title=\"billard carambole en nouvelle Aquitaine\" src=\"http:\/\/billard-nouvelle-aquitaine.fr\/wp-content\/uploads\/2017\/01\/vignette_carambole.png\" alt=\"billard carambole en nouvelle Aquitaine\" width=\"140\" height=\"140\" srcset=\"https:\/\/billard-nouvelle-aquitaine.fr\/wp-content\/uploads\/2017\/01\/vignette_carambole.png 140w, https:\/\/billard-nouvelle-aquitaine.fr\/wp-content\/uploads\/2017\/01\/vignette_carambole-100x100.png 100w\" sizes=\"(max-width: 140px) 100vw, 140px\" \/><\/a><a href=\"http:\/\/billard-nouvelle-aquitaine.fr\/le-billard-snooker\/\"><img loading=\"lazy\" decoding=\"async\" class=\"trsp50 alignnone wp-image-47 size-full\" title=\"billard snooker en nouvelle Aquitaine\" src=\"http:\/\/billard-nouvelle-aquitaine.fr\/wp-content\/uploads\/2017\/01\/vignette_snooker.png\" alt=\"billard snooker en nouvelle Aquitaine\" width=\"140\" height=\"140\" srcset=\"https:\/\/billard-nouvelle-aquitaine.fr\/wp-content\/uploads\/2017\/01\/vignette_snooker.png 140w, https:\/\/billard-nouvelle-aquitaine.fr\/wp-content\/uploads\/2017\/01\/vignette_snooker-100x100.png 100w\" sizes=\"(max-width: 140px) 100vw, 140px\" \/><\/a><\/p>\n","protected":false},"excerpt":{"rendered":"<p>Le snooker se joue \u00e0 deux ou en \u00e9quipe de deux sur une grande table (la surface de jeu mesure 3,57 m sur 1,78 m). avec une bille blanche et 21 billes de couleur (15 rouges et six couleurs : une jaune, une verte, une marron, une bleue, une rose et une noire, dans l\u2019ordre &hellip; <\/p>\n<p class=\"link-more\"><a href=\"https:\/\/billard-nouvelle-aquitaine.fr\/index.php\/le-billard-snooker\/\" class=\"more-link\">Continuer la lecture<span class=\"screen-reader-text\"> de &laquo;&nbsp;le billard snooker&nbsp;&raquo;<\/span><\/a><\/p>\n","protected":false},"author":1,"featured_media":103,"parent":0,"menu_order":0,"comment_status":"closed","ping_status":"closed","template":"","meta":{"footnotes":""},"categories":[],"tags":[],"class_list":["post-7","page","type-page","status-publish","has-post-thumbnail","hentry"],"_links":{"self":[{"href":"https:\/\/billard-nouvelle-aquitaine.fr\/index.php\/wp-json\/wp\/v2\/pages\/7"}],"collection":[{"href":"https:\/\/billard-nouvelle-aquitaine.fr\/index.php\/wp-json\/wp\/v2\/pages"}],"about":[{"href":"https:\/\/billard-nouvelle-aquitaine.fr\/index.php\/wp-json\/wp\/v2\/types\/page"}],"author":[{"embeddable":true,"href":"https:\/\/billard-nouvelle-aquitaine.fr\/index.php\/wp-json\/wp\/v2\/users\/1"}],"replies":[{"embeddable":true,"href":"https:\/\/billard-nouvelle-aquitaine.fr\/index.php\/wp-json\/wp\/v2\/comments?post=7"}],"version-history":[{"count":0,"href":"https:\/\/billard-nouvelle-aquitaine.fr\/index.php\/wp-json\/wp\/v2\/pages\/7\/revisions"}],"wp:featuredmedia":[{"embeddable":true,"href":"https:\/\/billard-nouvelle-aquitaine.fr\/index.php\/wp-json\/wp\/v2\/media\/103"}],"wp:attachment":[{"href":"https:\/\/billard-nouvelle-aquitaine.fr\/index.php\/wp-json\/wp\/v2\/media?parent=7"}],"wp:term":[{"taxonomy":"category","embeddable":true,"href":"https:\/\/billard-nouvelle-aquitaine.fr\/index.php\/wp-json\/wp\/v2\/categories?post=7"},{"taxonomy":"post_tag","embeddable":true,"href":"https:\/\/billard-nouvelle-aquitaine.fr\/index.php\/wp-json\/wp\/v2\/tags?post=7"}],"curies":[{"name":"wp","href":"https:\/\/api.w.org\/{rel}","templated":true}]}}